{"id":29655,"date":"2024-05-24T10:49:02","date_gmt":"2025-03-28T13:16:54","guid":{"rendered":"https:\/\/parnassos.dk\/?post_type=product&#038;p=29655"},"modified":"2025-03-28T14:35:46","modified_gmt":"2025-03-28T13:35:46","slug":"london-the-big-smoke-april-2025","status":"publish","type":"product","link":"https:\/\/parnassos.dk\/de\/shop\/kulturreisen\/london-the-big-smoke-april-2025\/","title":{"rendered":"London \u2013 The Big Smoke April 2025"},"content":{"rendered":"<p>5-Sterne-Hotelaufenthalt f\u00fcr vier N\u00e4chte. Wir haben den Schl\u00fcssel zu Sigmund Freuds Haus. \u201eDoctor Clarkson\u201c aus Downton Abbey f\u00fcr einen Abend.<\/p>\n","protected":false},"excerpt":{"rendered":"<ul>\n<li>Lesen Sie mehr \u00fcber unser umfangreiches Programm unter \u201eDie Reise im Detail\u201c. (Hier k\u00f6nnen Sie auch nachlesen, was genau Sie f\u00fcr Ihre 13.000 DKK bekommen). Der Flug ist nicht inbegriffen. Dies soll Ihnen gr\u00f6\u00dftm\u00f6gliche Flexibilit\u00e4t erm\u00f6glichen. Die meisten Optionen erhalten Sie, wenn Sie \u00fcber momondo.dk nach Ihrem Flugticket suchen.<\/li>\n<li>Hier k\u00f6nnen Sie <a href=\"https:\/\/parnassos.dk\/rejsekoeb\/\">wie das Verfahren abl\u00e4uft<\/a>, wenn Sie eine Veranstaltung bei uns gebucht haben. Wir sind Mitglied im Reisegarantiefonds. Sie finden uns <a href=\"https:\/\/www.rejsegarantifonden.dk\/medlem?s=Parnassos.dk\">\u00fcber diesen Link<\/a>.<\/li>\n<li>Bitte rufen Sie uns an. Unter der Telefonnummer 5273 6316 sind wir werktags von 9:00 bis 18:00 Uhr erreichbar. und samstags und sonntags von 10:00 bis 15:00 Uhr. Hinweis: Wenn die Reise storniert wird \u2013 egal aus welchem \u200b\u200bGrund \u2013 erstatten wir Ihr Flugticket bis zu 1500 DKK\/Person. Ohne Probleme. Und nat\u00fcrlich eine R\u00fcckerstattung Ihrer Zahlung.<\/li>\n<li>Mit freundlichen Gr\u00fc\u00dfe<br \/>\nErik Bach Christophersen<\/li>\n<\/ul>\n","protected":false},"featured_media":26688,"comment_status":"closed","ping_status":"closed","template":"","meta":{"_acf_changed":false,"site-sidebar-layout":"default","site-content-layout":"default","ast-site-content-layout":"default","site-content-style":"default","site-sidebar-style":"default","ast-global-header-display":"","ast-banner-title-visibility":"","ast-main-header-display":"","ast-hfb-above-header-display":"","ast-hfb-below-header-display":"","ast-hfb-mobile-header-display":"","site-post-title":"","ast-breadcrumbs-content":"","ast-featured-img":"","footer-sml-layout":"","ast-disable-related-posts":"","theme-transparent-header-meta":"default","adv-header-id-meta":"","stick-header-meta":"default","header-above-stick-meta":"","header-main-stick-meta":"","header-below-stick-meta":"","astra-migrate-meta-layouts":"set","ast-page-background-enabled":"default","ast-page-background-meta":{"desktop":{"background-color":"","background-image":"","background-repeat":"repeat","background-position":"center center","background-size":"auto","background-attachment":"scroll","background-type":"","background-media":"","overlay-type":"","overlay-color":"","overlay-opacity":"","overlay-gradient":""},"tablet":{"background-color":"","background-image":"","background-repeat":"repeat","background-position":"center center","background-size":"auto","background-attachment":"scroll","background-type":"","background-media":"","overlay-type":"","overlay-color":"","overlay-opacity":"","overlay-gradient":""},"mobile":{"background-color":"","background-image":"","background-repeat":"repeat","background-position":"center center","background-size":"auto","background-attachment":"scroll","background-type":"","background-media":"","overlay-type":"","overlay-color":"","overlay-opacity":"","overlay-gradient":""}},"ast-content-background-meta":{"desktop":{"background-color":"var(--ast-global-color-5)","background-image":"","background-repeat":"repeat","background-position":"center center","background-size":"auto","background-attachment":"scroll","background-type":"","background-media":"","overlay-type":"","overlay-color":"","overlay-opacity":"","overlay-gradient":""},"tablet":{"background-color":"var(--ast-global-color-5)","background-image":"","background-repeat":"repeat","background-position":"center center","background-size":"auto","background-attachment":"scroll","background-type":"","background-media":"","overlay-type":"","overlay-color":"","overlay-opacity":"","overlay-gradient":""},"mobile":{"background-color":"var(--ast-global-color-5)","background-image":"","background-repeat":"repeat","background-position":"center center","background-size":"auto","background-attachment":"scroll","background-type":"","background-media":"","overlay-type":"","overlay-color":"","overlay-opacity":"","overlay-gradient":""}}},"product_brand":[],"product_cat":[383,386],"product_tag":[],"class_list":{"0":"post-29655","1":"product","2":"type-product","3":"status-publish","4":"has-post-thumbnail","6":"product_cat-kulturreisen","7":"product_cat-london-der-grosse-rauch","8":"desktop-align-left","9":"tablet-align-left","10":"mobile-align-left","11":"ast-product-gallery-layout-horizontal-slider","12":"ast-product-gallery-with-no-image","13":"ast-product-single-variable","14":"ast-product-tabs-layout-horizontal","15":"tm-has-options","17":"first","18":"instock","19":"purchasable","20":"product-type-variable"},"acf":[],"yoast_head":"<!-- This site is optimized with the Yoast SEO plugin v27.2 - https:\/\/yoast.com\/product\/yoast-seo-wordpress\/ -->\n<title>London \u2013 The Big Smoke April 2025 - Parnassos<\/title>\n<meta name=\"robots\" content=\"index, follow, max-snippet:-1, max-image-preview:large, max-video-preview:-1\" \/>\n<link rel=\"canonical\" href=\"https:\/\/parnassos.dk\/de\/shop\/kulturreisen\/london-the-big-smoke-april-2025\/\" \/>\n<meta property=\"og:locale\" content=\"de_DE\" \/>\n<meta property=\"og:type\" content=\"article\" \/>\n<meta property=\"og:title\" content=\"London \u2013 The Big Smoke April 2025 - Parnassos\" \/>\n<meta property=\"og:description\" content=\"Lesen Sie mehr \u00fcber unser umfangreiches Programm unter \u201eDie Reise im Detail\u201c. (Hier k\u00f6nnen Sie auch nachlesen, was genau Sie f\u00fcr Ihre 13.000 DKK bekommen). Der Flug ist nicht inbegriffen. Dies soll Ihnen gr\u00f6\u00dftm\u00f6gliche Flexibilit\u00e4t erm\u00f6glichen. Die meisten Optionen erhalten Sie, wenn Sie \u00fcber momondo.dk nach Ihrem Flugticket suchen.  Hier k\u00f6nnen Sie wie das Verfahren abl\u00e4uft, wenn Sie eine Veranstaltung bei uns gebucht haben. Wir sind Mitglied im Reisegarantiefonds. Sie finden uns \u00fcber diesen Link.  Bitte rufen Sie uns an. Unter der Telefonnummer 5273 6316 sind wir werktags von 9:00 bis 18:00 Uhr erreichbar. und samstags und sonntags von 10:00 bis 15:00 Uhr. Hinweis: Wenn die Reise storniert wird \u2013 egal aus welchem \u200b\u200bGrund \u2013 erstatten wir Ihr Flugticket bis zu 1500 DKK\/Person. Ohne Probleme. Und nat\u00fcrlich eine R\u00fcckerstattung Ihrer Zahlung.  Mit freundlichen Gr\u00fc\u00dfe Erik Bach Christophersen\" \/>\n<meta property=\"og:url\" content=\"https:\/\/parnassos.dk\/de\/shop\/kulturreisen\/london-the-big-smoke-april-2025\/\" \/>\n<meta property=\"og:site_name\" content=\"Parnassos\" \/>\n<meta property=\"article:publisher\" content=\"https:\/\/www.facebook.com\/Parnassos.dk\" \/>\n<meta property=\"article:modified_time\" content=\"2025-03-28T13:35:46+00:00\" \/>\n<meta property=\"og:image\" content=\"https:\/\/parnassos.dk\/wp-content\/uploads\/2025\/01\/The-Ned-Hotel-London.png\" \/>\n\t<meta property=\"og:image:width\" content=\"848\" \/>\n\t<meta property=\"og:image:height\" content=\"510\" \/>\n\t<meta property=\"og:image:type\" content=\"image\/png\" \/>\n<meta name=\"twitter:card\" content=\"summary_large_image\" \/>\n<meta name=\"twitter:label1\" content=\"Gesch\u00e4tzte Lesezeit\" \/>\n\t<meta name=\"twitter:data1\" content=\"1\u00a0Minute\" \/>\n<script type=\"application\/ld+json\" class=\"yoast-schema-graph\">{\"@context\":\"https:\/\/schema.org\",\"@graph\":[{\"@type\":\"WebPage\",\"@id\":\"https:\/\/parnassos.dk\/de\/shop\/kulturreisen\/london-the-big-smoke-april-2025\/\",\"url\":\"https:\/\/parnassos.dk\/de\/shop\/kulturreisen\/london-the-big-smoke-april-2025\/\",\"name\":\"London \u2013 The Big Smoke April 2025 - Parnassos\",\"isPartOf\":{\"@id\":\"https:\/\/parnassos.dk\/de\/#website\"},\"primaryImageOfPage\":{\"@id\":\"https:\/\/parnassos.dk\/de\/shop\/kulturreisen\/london-the-big-smoke-april-2025\/#primaryimage\"},\"image\":{\"@id\":\"https:\/\/parnassos.dk\/de\/shop\/kulturreisen\/london-the-big-smoke-april-2025\/#primaryimage\"},\"thumbnailUrl\":\"https:\/\/parnassos.dk\/wp-content\/uploads\/2025\/01\/The-Ned-Hotel-London.png\",\"datePublished\":\"2025-03-28T13:16:54+00:00\",\"dateModified\":\"2025-03-28T13:35:46+00:00\",\"breadcrumb\":{\"@id\":\"https:\/\/parnassos.dk\/de\/shop\/kulturreisen\/london-the-big-smoke-april-2025\/#breadcrumb\"},\"inLanguage\":\"de\",\"potentialAction\":[{\"@type\":\"ReadAction\",\"target\":[\"https:\/\/parnassos.dk\/de\/shop\/kulturreisen\/london-the-big-smoke-april-2025\/\"]}]},{\"@type\":\"ImageObject\",\"inLanguage\":\"de\",\"@id\":\"https:\/\/parnassos.dk\/de\/shop\/kulturreisen\/london-the-big-smoke-april-2025\/#primaryimage\",\"url\":\"https:\/\/parnassos.dk\/wp-content\/uploads\/2025\/01\/The-Ned-Hotel-London.png\",\"contentUrl\":\"https:\/\/parnassos.dk\/wp-content\/uploads\/2025\/01\/The-Ned-Hotel-London.png\",\"width\":848,\"height\":510,\"caption\":\"\\\"The Vault\\\" Hotel the Ned\"},{\"@type\":\"BreadcrumbList\",\"@id\":\"https:\/\/parnassos.dk\/de\/shop\/kulturreisen\/london-the-big-smoke-april-2025\/#breadcrumb\",\"itemListElement\":[{\"@type\":\"ListItem\",\"position\":1,\"name\":\"Shop\",\"item\":\"https:\/\/parnassos.dk\/de\/shop\/\"},{\"@type\":\"ListItem\",\"position\":2,\"name\":\"London \u2013 The Big Smoke April 2025\"}]},{\"@type\":\"WebSite\",\"@id\":\"https:\/\/parnassos.dk\/de\/#website\",\"url\":\"https:\/\/parnassos.dk\/de\/\",\"name\":\"Parnassos\",\"description\":\"Tagline\",\"publisher\":{\"@id\":\"https:\/\/parnassos.dk\/de\/#organization\"},\"potentialAction\":[{\"@type\":\"SearchAction\",\"target\":{\"@type\":\"EntryPoint\",\"urlTemplate\":\"https:\/\/parnassos.dk\/de\/?s={search_term_string}\"},\"query-input\":{\"@type\":\"PropertyValueSpecification\",\"valueRequired\":true,\"valueName\":\"search_term_string\"}}],\"inLanguage\":\"de\"},{\"@type\":\"Organization\",\"@id\":\"https:\/\/parnassos.dk\/de\/#organization\",\"name\":\"Parnassos.dk\",\"url\":\"https:\/\/parnassos.dk\/de\/\",\"logo\":{\"@type\":\"ImageObject\",\"inLanguage\":\"de\",\"@id\":\"https:\/\/parnassos.dk\/de\/#\/schema\/logo\/image\/\",\"url\":\"https:\/\/parnassos.dk\/wp-content\/uploads\/2023\/02\/Logo.png\",\"contentUrl\":\"https:\/\/parnassos.dk\/wp-content\/uploads\/2023\/02\/Logo.png\",\"width\":1161,\"height\":163,\"caption\":\"Parnassos.dk\"},\"image\":{\"@id\":\"https:\/\/parnassos.dk\/de\/#\/schema\/logo\/image\/\"},\"sameAs\":[\"https:\/\/www.facebook.com\/Parnassos.dk\"]}]}<\/script>\n<!-- \/ Yoast SEO plugin. -->","yoast_head_json":{"title":"London \u2013 The Big Smoke April 2025 - Parnassos","robots":{"index":"index","follow":"follow","max-snippet":"max-snippet:-1","max-image-preview":"max-image-preview:large","max-video-preview":"max-video-preview:-1"},"canonical":"https:\/\/parnassos.dk\/de\/shop\/kulturreisen\/london-the-big-smoke-april-2025\/","og_locale":"de_DE","og_type":"article","og_title":"London \u2013 The Big Smoke April 2025 - Parnassos","og_description":"Lesen Sie mehr \u00fcber unser umfangreiches Programm unter \u201eDie Reise im Detail\u201c. (Hier k\u00f6nnen Sie auch nachlesen, was genau Sie f\u00fcr Ihre 13.000 DKK bekommen). Der Flug ist nicht inbegriffen. Dies soll Ihnen gr\u00f6\u00dftm\u00f6gliche Flexibilit\u00e4t erm\u00f6glichen. Die meisten Optionen erhalten Sie, wenn Sie \u00fcber momondo.dk nach Ihrem Flugticket suchen.  Hier k\u00f6nnen Sie wie das Verfahren abl\u00e4uft, wenn Sie eine Veranstaltung bei uns gebucht haben. Wir sind Mitglied im Reisegarantiefonds. Sie finden uns \u00fcber diesen Link.  Bitte rufen Sie uns an. Unter der Telefonnummer 5273 6316 sind wir werktags von 9:00 bis 18:00 Uhr erreichbar. und samstags und sonntags von 10:00 bis 15:00 Uhr. Hinweis: Wenn die Reise storniert wird \u2013 egal aus welchem \u200b\u200bGrund \u2013 erstatten wir Ihr Flugticket bis zu 1500 DKK\/Person. Ohne Probleme. Und nat\u00fcrlich eine R\u00fcckerstattung Ihrer Zahlung.  Mit freundlichen Gr\u00fc\u00dfe Erik Bach Christophersen","og_url":"https:\/\/parnassos.dk\/de\/shop\/kulturreisen\/london-the-big-smoke-april-2025\/","og_site_name":"Parnassos","article_publisher":"https:\/\/www.facebook.com\/Parnassos.dk","article_modified_time":"2025-03-28T13:35:46+00:00","og_image":[{"width":848,"height":510,"url":"https:\/\/parnassos.dk\/wp-content\/uploads\/2025\/01\/The-Ned-Hotel-London.png","type":"image\/png"}],"twitter_card":"summary_large_image","twitter_misc":{"Gesch\u00e4tzte Lesezeit":"1\u00a0Minute"},"schema":{"@context":"https:\/\/schema.org","@graph":[{"@type":"WebPage","@id":"https:\/\/parnassos.dk\/de\/shop\/kulturreisen\/london-the-big-smoke-april-2025\/","url":"https:\/\/parnassos.dk\/de\/shop\/kulturreisen\/london-the-big-smoke-april-2025\/","name":"London \u2013 The Big Smoke April 2025 - Parnassos","isPartOf":{"@id":"https:\/\/parnassos.dk\/de\/#website"},"primaryImageOfPage":{"@id":"https:\/\/parnassos.dk\/de\/shop\/kulturreisen\/london-the-big-smoke-april-2025\/#primaryimage"},"image":{"@id":"https:\/\/parnassos.dk\/de\/shop\/kulturreisen\/london-the-big-smoke-april-2025\/#primaryimage"},"thumbnailUrl":"https:\/\/parnassos.dk\/wp-content\/uploads\/2025\/01\/The-Ned-Hotel-London.png","datePublished":"2025-03-28T13:16:54+00:00","dateModified":"2025-03-28T13:35:46+00:00","breadcrumb":{"@id":"https:\/\/parnassos.dk\/de\/shop\/kulturreisen\/london-the-big-smoke-april-2025\/#breadcrumb"},"inLanguage":"de","potentialAction":[{"@type":"ReadAction","target":["https:\/\/parnassos.dk\/de\/shop\/kulturreisen\/london-the-big-smoke-april-2025\/"]}]},{"@type":"ImageObject","inLanguage":"de","@id":"https:\/\/parnassos.dk\/de\/shop\/kulturreisen\/london-the-big-smoke-april-2025\/#primaryimage","url":"https:\/\/parnassos.dk\/wp-content\/uploads\/2025\/01\/The-Ned-Hotel-London.png","contentUrl":"https:\/\/parnassos.dk\/wp-content\/uploads\/2025\/01\/The-Ned-Hotel-London.png","width":848,"height":510,"caption":"\"The Vault\" Hotel the Ned"},{"@type":"BreadcrumbList","@id":"https:\/\/parnassos.dk\/de\/shop\/kulturreisen\/london-the-big-smoke-april-2025\/#breadcrumb","itemListElement":[{"@type":"ListItem","position":1,"name":"Shop","item":"https:\/\/parnassos.dk\/de\/shop\/"},{"@type":"ListItem","position":2,"name":"London \u2013 The Big Smoke April 2025"}]},{"@type":"WebSite","@id":"https:\/\/parnassos.dk\/de\/#website","url":"https:\/\/parnassos.dk\/de\/","name":"Parnassos","description":"Tagline","publisher":{"@id":"https:\/\/parnassos.dk\/de\/#organization"},"potentialAction":[{"@type":"SearchAction","target":{"@type":"EntryPoint","urlTemplate":"https:\/\/parnassos.dk\/de\/?s={search_term_string}"},"query-input":{"@type":"PropertyValueSpecification","valueRequired":true,"valueName":"search_term_string"}}],"inLanguage":"de"},{"@type":"Organization","@id":"https:\/\/parnassos.dk\/de\/#organization","name":"Parnassos.dk","url":"https:\/\/parnassos.dk\/de\/","logo":{"@type":"ImageObject","inLanguage":"de","@id":"https:\/\/parnassos.dk\/de\/#\/schema\/logo\/image\/","url":"https:\/\/parnassos.dk\/wp-content\/uploads\/2023\/02\/Logo.png","contentUrl":"https:\/\/parnassos.dk\/wp-content\/uploads\/2023\/02\/Logo.png","width":1161,"height":163,"caption":"Parnassos.dk"},"image":{"@id":"https:\/\/parnassos.dk\/de\/#\/schema\/logo\/image\/"},"sameAs":["https:\/\/www.facebook.com\/Parnassos.dk"]}]}},"_links":{"self":[{"href":"https:\/\/parnassos.dk\/de\/wp-json\/wp\/v2\/product\/29655","targetHints":{"allow":["GET"]}}],"collection":[{"href":"https:\/\/parnassos.dk\/de\/wp-json\/wp\/v2\/product"}],"about":[{"href":"https:\/\/parnassos.dk\/de\/wp-json\/wp\/v2\/types\/product"}],"replies":[{"embeddable":true,"href":"https:\/\/parnassos.dk\/de\/wp-json\/wp\/v2\/comments?post=29655"}],"wp:featuredmedia":[{"embeddable":true,"href":"https:\/\/parnassos.dk\/de\/wp-json\/wp\/v2\/media\/26688"}],"wp:attachment":[{"href":"https:\/\/parnassos.dk\/de\/wp-json\/wp\/v2\/media?parent=29655"}],"wp:term":[{"taxonomy":"product_brand","embeddable":true,"href":"https:\/\/parnassos.dk\/de\/wp-json\/wp\/v2\/product_brand?post=29655"},{"taxonomy":"product_cat","embeddable":true,"href":"https:\/\/parnassos.dk\/de\/wp-json\/wp\/v2\/product_cat?post=29655"},{"taxonomy":"product_tag","embeddable":true,"href":"https:\/\/parnassos.dk\/de\/wp-json\/wp\/v2\/product_tag?post=29655"}],"curies":[{"name":"wp","href":"https:\/\/api.w.org\/{rel}","templated":true}]}}